{"id":721,"date":"2023-08-18T17:04:43","date_gmt":"2023-08-18T17:04:43","guid":{"rendered":"https:\/\/atsotamm.com\/?post_type=product&#038;p=721"},"modified":"2025-03-05T12:10:00","modified_gmt":"2025-03-05T12:10:00","slug":"gann-ja-trotec-teflon-kaitstud-noelad","status":"publish","type":"product","link":"https:\/\/atsotamm.com\/en\/product\/gann-ja-trotec-teflon-kaitstud-noelad\/","title":{"rendered":"GANN AND TROTEC TEFLON PROTECTED NEEDLES"},"content":{"rendered":"<p class=\"translation-block\"><strong><img class=\"size-medium wp-image-723 alignleft\" src=\"https:\/\/atsotamm.com\/wp-content\/uploads\/2023\/08\/LIUKKARI_ERIT_PIIKIT_350-109x300.jpg\" alt=\"\" width=\"109\" height=\"300\">teflon protected needles only for gauge M 18, ML 20<\/strong><br>\n1 box (10 pcs) total length 45 mm measuring depth 25 mm<br>\n1 box (10 pcs) total length 60 mm measuring depth 40 mm<br>\n<span class=\"tlid-translation translation\" lang=\"en\"><span title=\"\">For example, to measure the moisture content of wood with a thickness of 180 mm, we recommend a hammer with 60 mm insulated electrodes.<\/span>\u00a0<span title=\"\">Insulated electrodes with a length of 45 mm or 60 mm.<\/span>\u00a0<span title=\"\">To determine the average moisture, it is sufficient to use electrodes that are 1\/3 of the thickness of the wood.<\/span><\/span><\/p>\n<p class=\"translation-block\"><strong><span class=\"tlid-translation translation\" lang=\"en\"><span title=\"\">links<\/span><\/span>:<\/strong> <strong>Cable - Hammer - Hammer end and Hammer <span class=\"tlid-translation translation\" lang=\"en\"><span class=\"alt-edited\" title=\"\">nuts<\/span><\/span><\/strong><\/p>","protected":false},"excerpt":{"rendered":"<p>Pikkus 45 mm v\u00f5i 60 mm. Keskmise niiskuse m\u00e4\u00e4ramiseks piisab elektroodide kasutamisest, mis on 1\/3 puidu paksusest.<\/p>","protected":false},"featured_media":722,"comment_status":"open","ping_status":"closed","template":"","meta":[],"product_brand":[],"product_cat":[19],"product_tag":[],"class_list":{"0":"post-721","1":"product","2":"type-product","3":"status-publish","4":"has-post-thumbnail","6":"product_cat-ehitus-ja-puu-lisaseadmed","8":"first","9":"instock","10":"taxable","11":"shipping-taxable","12":"purchasable","13":"product-type-simple"},"jetpack-related-posts":[],"jetpack_sharing_enabled":true,"_links":{"self":[{"href":"https:\/\/atsotamm.com\/en\/wp-json\/wp\/v2\/product\/721","targetHints":{"allow":["GET"]}}],"collection":[{"href":"https:\/\/atsotamm.com\/en\/wp-json\/wp\/v2\/product"}],"about":[{"href":"https:\/\/atsotamm.com\/en\/wp-json\/wp\/v2\/types\/product"}],"replies":[{"embeddable":true,"href":"https:\/\/atsotamm.com\/en\/wp-json\/wp\/v2\/comments?post=721"}],"version-history":[{"count":1,"href":"https:\/\/atsotamm.com\/en\/wp-json\/wp\/v2\/product\/721\/revisions"}],"predecessor-version":[{"id":1566,"href":"https:\/\/atsotamm.com\/en\/wp-json\/wp\/v2\/product\/721\/revisions\/1566"}],"wp:featuredmedia":[{"embeddable":true,"href":"https:\/\/atsotamm.com\/en\/wp-json\/wp\/v2\/media\/722"}],"wp:attachment":[{"href":"https:\/\/atsotamm.com\/en\/wp-json\/wp\/v2\/media?parent=721"}],"wp:term":[{"taxonomy":"product_brand","embeddable":true,"href":"https:\/\/atsotamm.com\/en\/wp-json\/wp\/v2\/product_brand?post=721"},{"taxonomy":"product_cat","embeddable":true,"href":"https:\/\/atsotamm.com\/en\/wp-json\/wp\/v2\/product_cat?post=721"},{"taxonomy":"product_tag","embeddable":true,"href":"https:\/\/atsotamm.com\/en\/wp-json\/wp\/v2\/product_tag?post=721"}],"curies":[{"name":"wp","href":"https:\/\/api.w.org\/{rel}","templated":true}]}}