{"id":681,"date":"2023-08-18T16:32:00","date_gmt":"2023-08-18T16:32:00","guid":{"rendered":"https:\/\/atsotamm.com\/?post_type=product&#038;p=681"},"modified":"2025-03-05T12:58:58","modified_gmt":"2025-03-05T12:58:58","slug":"gann-rh-t-250-bl-l250-mm-paindlik","status":"publish","type":"product","link":"https:\/\/atsotamm.com\/en\/product\/gann-rh-t-250-bl-l250-mm-paindlik\/","title":{"rendered":"GANN RH T 250 BL L=250 MM PAINDLIK"},"content":{"rendered":"<p><img fetchpriority=\"high\" decoding=\"async\" class=\"size-medium wp-image-682 alignleft\" src=\"https:\/\/atsotamm.com\/wp-content\/uploads\/2023\/08\/RHT_taipuisa-300x168.jpg\" alt=\"\" width=\"300\" height=\"168\" srcset=\"https:\/\/atsotamm.com\/wp-content\/uploads\/2023\/08\/RHT_taipuisa-300x168.jpg 300w, https:\/\/atsotamm.com\/wp-content\/uploads\/2023\/08\/RHT_taipuisa.jpg 328w\" sizes=\"(max-width: 300px) 100vw, 300px\" \/>Sondi toru on RH T L = 250 mm BL ning on paindlik niiskuse ja temperatuuri m\u00f5\u00f5tmiseks. Sond on spetsiaalselt ette n\u00e4htud puiste- ja tahkete ainete (nt m\u00fc\u00fcritis v\u00f5i tasanduskiht) m\u00f5\u00f5tmiseks.<br \/>\n<strong>Lingid\u00a0m\u00f5\u00f5teterminalid:\u00a0CH 17\u00a0ja\u00a0BL UNI 11<\/strong><\/p>","protected":false},"excerpt":{"rendered":"<p>M\u00f5\u00f5tepead kasutatakse BL UNI 11 ja CH 17-ga ning m\u00f5\u00f5detakse n\u00e4iteks puurkaevu niiskust ning teatud ehitusmaterjalide niiskusesisaldust saab m\u00e4\u00e4rata sorptsiooniisotermide abil.<\/p>\n<p><strong>Lingid m\u00f5\u00f5teterminalid: CH 17 ja BL UNI 11<br \/>\n<\/strong><\/p>","protected":false},"featured_media":683,"comment_status":"open","ping_status":"closed","template":"","meta":[],"product_brand":[],"product_cat":[19],"product_tag":[],"class_list":{"0":"post-681","1":"product","2":"type-product","3":"status-publish","4":"has-post-thumbnail","6":"product_cat-ehitus-ja-puu-lisaseadmed","8":"first","9":"instock","10":"taxable","11":"shipping-taxable","12":"purchasable","13":"product-type-simple"},"jetpack-related-posts":[],"jetpack_sharing_enabled":true,"_links":{"self":[{"href":"https:\/\/atsotamm.com\/en\/wp-json\/wp\/v2\/product\/681","targetHints":{"allow":["GET"]}}],"collection":[{"href":"https:\/\/atsotamm.com\/en\/wp-json\/wp\/v2\/product"}],"about":[{"href":"https:\/\/atsotamm.com\/en\/wp-json\/wp\/v2\/types\/product"}],"replies":[{"embeddable":true,"href":"https:\/\/atsotamm.com\/en\/wp-json\/wp\/v2\/comments?post=681"}],"version-history":[{"count":1,"href":"https:\/\/atsotamm.com\/en\/wp-json\/wp\/v2\/product\/681\/revisions"}],"predecessor-version":[{"id":1583,"href":"https:\/\/atsotamm.com\/en\/wp-json\/wp\/v2\/product\/681\/revisions\/1583"}],"wp:featuredmedia":[{"embeddable":true,"href":"https:\/\/atsotamm.com\/en\/wp-json\/wp\/v2\/media\/683"}],"wp:attachment":[{"href":"https:\/\/atsotamm.com\/en\/wp-json\/wp\/v2\/media?parent=681"}],"wp:term":[{"taxonomy":"product_brand","embeddable":true,"href":"https:\/\/atsotamm.com\/en\/wp-json\/wp\/v2\/product_brand?post=681"},{"taxonomy":"product_cat","embeddable":true,"href":"https:\/\/atsotamm.com\/en\/wp-json\/wp\/v2\/product_cat?post=681"},{"taxonomy":"product_tag","embeddable":true,"href":"https:\/\/atsotamm.com\/en\/wp-json\/wp\/v2\/product_tag?post=681"}],"curies":[{"name":"wp","href":"https:\/\/api.w.org\/{rel}","templated":true}]}}