{"id":652,"date":"2023-08-16T16:26:23","date_gmt":"2023-08-16T16:26:23","guid":{"rendered":"https:\/\/atsotamm.com\/?post_type=product&#038;p=652"},"modified":"2025-02-28T14:22:19","modified_gmt":"2025-02-28T14:22:19","slug":"schaller-bll1-niiskusmootja","status":"publish","type":"product","link":"https:\/\/atsotamm.com\/en\/product\/schaller-bll1-niiskusmootja\/","title":{"rendered":"SCHALLER BLL NIISKUSM\u00d5\u00d5TJA"},"content":{"rendered":"<p class=\"translation-block\"><img class=\"size-medium wp-image-653 alignright\" src=\"https:\/\/atsotamm.com\/wp-content\/uploads\/2023\/08\/vesitamm-300x127.jpg\" alt=\" \" width=\"300\" height=\"127\"> <img class=\"size-medium wp-image-654 alignleft\" src=\"https:\/\/atsotamm.com\/wp-content\/uploads\/2023\/08\/BLL-Einsatz_008-300x225.jpg\" alt=\"\" width=\"300\" height=\"225\">for 1 m measuring depth<br>\nMeasuring range with up to 50% water content (depending on the type of wood and wood up to 100% moisture)<br>\nScreen, resolution 0.5% of water content<br>\nTemperature measurement<br>\nAutomatic temperature compensation<br>\nTemperature\u00a0\u00a0 \u00b0C thai \u00b0F<br>\nWater content determination 0\u00b0C + 40\u00b0C<br>\nTemperature range - 10\u00b0C - + 80\u00b0C<br>\nMeasurement in seconds<br>\nHold function Memory for 10,000 values<br>\nobject description\u00a0\u00a0\u00a0\u00a0\u00a0\u00a0 Large LC display<\/p>\n<p>Option: connection module (computer)<\/p>","protected":false},"excerpt":{"rendered":"<p>BLL\u00a0 andmete kogumine, kasutamine \u00fche k\u00e4ega, lisaks hakkepuidu temperatuur n\u00e4idik.<br \/>\nPalun k\u00fcsi ka BLL turba versiooni<\/p>","protected":false},"featured_media":654,"comment_status":"open","ping_status":"closed","template":"","meta":[],"product_brand":[],"product_cat":[17],"product_tag":[],"class_list":{"0":"post-652","1":"product","2":"type-product","3":"status-publish","4":"has-post-thumbnail","6":"product_cat-puu-ja-energia-niiskusmooturid-niiskus-ja-temperatuur","8":"first","9":"instock","10":"taxable","11":"shipping-taxable","12":"purchasable","13":"product-type-simple"},"jetpack-related-posts":[],"jetpack_sharing_enabled":true,"_links":{"self":[{"href":"https:\/\/atsotamm.com\/en\/wp-json\/wp\/v2\/product\/652","targetHints":{"allow":["GET"]}}],"collection":[{"href":"https:\/\/atsotamm.com\/en\/wp-json\/wp\/v2\/product"}],"about":[{"href":"https:\/\/atsotamm.com\/en\/wp-json\/wp\/v2\/types\/product"}],"replies":[{"embeddable":true,"href":"https:\/\/atsotamm.com\/en\/wp-json\/wp\/v2\/comments?post=652"}],"version-history":[{"count":2,"href":"https:\/\/atsotamm.com\/en\/wp-json\/wp\/v2\/product\/652\/revisions"}],"predecessor-version":[{"id":1330,"href":"https:\/\/atsotamm.com\/en\/wp-json\/wp\/v2\/product\/652\/revisions\/1330"}],"wp:featuredmedia":[{"embeddable":true,"href":"https:\/\/atsotamm.com\/en\/wp-json\/wp\/v2\/media\/654"}],"wp:attachment":[{"href":"https:\/\/atsotamm.com\/en\/wp-json\/wp\/v2\/media?parent=652"}],"wp:term":[{"taxonomy":"product_brand","embeddable":true,"href":"https:\/\/atsotamm.com\/en\/wp-json\/wp\/v2\/product_brand?post=652"},{"taxonomy":"product_cat","embeddable":true,"href":"https:\/\/atsotamm.com\/en\/wp-json\/wp\/v2\/product_cat?post=652"},{"taxonomy":"product_tag","embeddable":true,"href":"https:\/\/atsotamm.com\/en\/wp-json\/wp\/v2\/product_tag?post=652"}],"curies":[{"name":"wp","href":"https:\/\/api.w.org\/{rel}","templated":true}]}}