{"id":649,"date":"2023-08-16T16:24:08","date_gmt":"2023-08-16T16:24:08","guid":{"rendered":"https:\/\/atsotamm.com\/?post_type=product&#038;p=649"},"modified":"2023-08-16T16:24:08","modified_gmt":"2023-08-16T16:24:08","slug":"trotec-app-sensor-bm22wp-2","status":"publish","type":"product","link":"https:\/\/atsotamm.com\/en\/product\/trotec-app-sensor-bm22wp-2\/","title":{"rendered":"TROTEC APP SENSOR BM22WP"},"content":{"rendered":"<p><img fetchpriority=\"high\" decoding=\"async\" class=\"size-medium wp-image-650 alignleft\" src=\"https:\/\/atsotamm.com\/wp-content\/uploads\/2023\/08\/app_puun_ja_rakennekosteus-1-300x223.jpg\" alt=\"\" width=\"300\" height=\"223\" srcset=\"https:\/\/atsotamm.com\/wp-content\/uploads\/2023\/08\/app_puun_ja_rakennekosteus-1-300x223.jpg 300w, https:\/\/atsotamm.com\/wp-content\/uploads\/2023\/08\/app_puun_ja_rakennekosteus-1.jpg 350w\" sizes=\"(max-width: 300px) 100vw, 300px\" \/>Puiduniiskuse ja materjali niiskuse m\u00f5\u00f5tmine \u00fche seadmega<br \/>\nIntegreeritud testimisfunktsiooniga kaitsekate<br \/>\nKergesti vahetatavad s\u00fcvistatavad terasest m\u00f5\u00f5telektroodid<br \/>\nAutomaatne t\u00f6\u00f6 ja akutest<br \/>\nKvaliteetsed andurid ja arvukad m\u00f5\u00f5tefunktsioonid<br \/>\nNutikas kombinatsioon appSensorist ja MultiMeasure Mobile&#8217;ist<br \/>\nAutomaatne toide v\u00e4lja<br \/>\n<strong>Puidu niiskus [%]<\/strong><br \/>\nm\u00f5\u00f5tepiirkond min. 6\u00a0 \u00a0 \u00a0m\u00f5\u00f5tepiirkond max.\u00a050<br \/>\neraldusv\u00f5ime\u00a0 \u00a0 \u00a0 \u00a0 \u00a0 1\u00a0 \u00a0 \u00a0t\u00e4psus umbes \u00b1 \u00a0 \u00a0 \u00a0 \u00a0 2<br \/>\nElektrilise takistuse m\u00f5\u00f5tmise p\u00f5him\u00f5te<br \/>\n<strong>Materjali niiskus [%]<\/strong><br \/>\nm\u00f5\u00f5tepiirkond min.\u00a0\u00a00,2\u00a0 m\u00f5\u00f5tepiirkond max.\u00a0 2,4<\/p>\n<p>eraldusv\u00f5ime \u00a0 \u00a0 \u00a0 \u00a0 \u00a0 0,2\u00a0 \u00a0\u00a0t\u00e4psus umbes \u00b1\u00a0 \u00a0 \u00a0 \u00a0 0,05<br \/>\n<strong>Sond\u00a0<\/strong><br \/>\nelektroodi pikkus (mm)\u00a0\u00a0\u00a0\u00a08<br \/>\n<strong>\u00dcmbritsev temperatuur\u00a0<\/strong>[\u00b0 C]<br \/>\nT\u00f6\u00f6 &#8211; min. temperatuur \u00a0-20\u00a0 \u00a0 \u00a0 \u00a0 \u00a0\u00a0T\u00f6\u00f6 &#8211; maksimaalne temperatuur\u00a0\u00a060<br \/>\nT\u00f6\u00f6 &#8211; min. rel. niiskus [% r.F.]\u00a010\u00a0T\u00f6\u00f6 &#8211; maksimaalne \u00f5hu suhteline \u00f5huniiskus [% r.F.]\u00a0 90<br \/>\nS\u00e4ilitusniiskus [%]\u00a0 \u00a0 \u00a0 \u00a0 &lt;80% r.F.<br \/>\n<strong>Standardne tarneala:<\/strong><br \/>\nm\u00f5\u00f5teseade\u00a0 \u00a0 \u00a0 &#8211;\u00a0 \u00a0 \u00a0patareid\u00a0 \u00a0 \u00a0&#8211;\u00a0 \u00a0\u00a0k\u00e4erihm\u00a0 \u00a0 &#8211;\u00a0 \u00a0\u00a0juhiseid<br \/>\nm\u00e4\u00e4ratletavad m\u00f5\u00f5tmed ja funktsioonid<br \/>\n<strong>Sisemine sensoorne<\/strong><br \/>\nPuidu niiskus [%]\u00a0 \u00a0 &#8211;\u00a0 \u00a0Materjali niiskus [%]<br \/>\n<strong>Funktsioonid ja varustus<\/strong><br \/>\nAku oleku indikaator\u00a0 \u00a0 &#8211;\u00a0 \u00a0\u00a0Minimaalse v\u00e4\u00e4rtuse kuvamine<br \/>\nMaksimaalse v\u00e4\u00e4rtuse kuvamine\u00a0 \u00a0 &#8211;\u00a0 \u00a0 \u00a0Keskmine kuva<br \/>\nM\u00f5\u00f5tmise hoidmise funktsioon\u00a0 \u00a0 \u00a0&#8211;\u00a0 \u00a0 \u00a0\u00a0Automaatne toide v\u00e4lja<br \/>\n\u00c4ratuse funktsioon\u00a0 \u00a0 \u00a0 &#8211;\u00a0 \u00a0\u00a0Pikaajaline m\u00f5\u00f5tmisfunktsioon<br \/>\nM\u00f5\u00f5teandmete skeem \/ maatriks \/ tabel\u00a0 \u00a0 \u00a0&#8211;\u00a0 \u00a0 \u00a0Andmete eksport<br \/>\nAruandefunktsioon<\/p>\n","protected":false},"excerpt":{"rendered":"<p class=\"translation-block\">BM22WP app sensor Wood moisture and material moisture measurement with one device<br>\nprice in Estonia including VAT 20% \u20ac67.20. Price in Tallinn km0% \u20ac50.00<\/p>","protected":false},"featured_media":651,"comment_status":"open","ping_status":"closed","template":"","meta":[],"product_brand":[],"product_cat":[17],"product_tag":[],"class_list":{"0":"post-649","1":"product","2":"type-product","3":"status-publish","4":"has-post-thumbnail","6":"product_cat-puu-ja-energia-niiskusmooturid-niiskus-ja-temperatuur","8":"first","9":"instock","10":"taxable","11":"shipping-taxable","12":"purchasable","13":"product-type-simple"},"jetpack-related-posts":[],"jetpack_sharing_enabled":true,"_links":{"self":[{"href":"https:\/\/atsotamm.com\/en\/wp-json\/wp\/v2\/product\/649","targetHints":{"allow":["GET"]}}],"collection":[{"href":"https:\/\/atsotamm.com\/en\/wp-json\/wp\/v2\/product"}],"about":[{"href":"https:\/\/atsotamm.com\/en\/wp-json\/wp\/v2\/types\/product"}],"replies":[{"embeddable":true,"href":"https:\/\/atsotamm.com\/en\/wp-json\/wp\/v2\/comments?post=649"}],"version-history":[{"count":0,"href":"https:\/\/atsotamm.com\/en\/wp-json\/wp\/v2\/product\/649\/revisions"}],"wp:featuredmedia":[{"embeddable":true,"href":"https:\/\/atsotamm.com\/en\/wp-json\/wp\/v2\/media\/651"}],"wp:attachment":[{"href":"https:\/\/atsotamm.com\/en\/wp-json\/wp\/v2\/media?parent=649"}],"wp:term":[{"taxonomy":"product_brand","embeddable":true,"href":"https:\/\/atsotamm.com\/en\/wp-json\/wp\/v2\/product_brand?post=649"},{"taxonomy":"product_cat","embeddable":true,"href":"https:\/\/atsotamm.com\/en\/wp-json\/wp\/v2\/product_cat?post=649"},{"taxonomy":"product_tag","embeddable":true,"href":"https:\/\/atsotamm.com\/en\/wp-json\/wp\/v2\/product_tag?post=649"}],"curies":[{"name":"wp","href":"https:\/\/api.w.org\/{rel}","templated":true}]}}