{"id":630,"date":"2023-08-16T16:07:38","date_gmt":"2023-08-16T16:07:38","guid":{"rendered":"https:\/\/atsotamm.com\/?post_type=product&#038;p=630"},"modified":"2025-03-05T13:06:19","modified_gmt":"2025-03-05T13:06:19","slug":"gann-compact-niiskusmootja","status":"publish","type":"product","link":"https:\/\/atsotamm.com\/en\/product\/gann-compact-niiskusmootja\/","title":{"rendered":"GANN COMPACT MOISTURE METER"},"content":{"rendered":"<p class=\"translation-block\">Puuliigi valik 2-astmeline<br>\r\nPuidu paksus&nbsp;&nbsp;&nbsp;&nbsp;&nbsp;&nbsp;&nbsp;&nbsp;&nbsp;&nbsp;&nbsp; maks. 25 mm<br>\r\nEkraan on&nbsp;&nbsp;&nbsp;&nbsp;&nbsp;&nbsp;&nbsp;&nbsp;&nbsp;&nbsp;&nbsp;&nbsp;&nbsp;&nbsp;&nbsp; k\u00f6lme numbriga<br>\r\nM\u00f5\u00f5tmispiirkond&nbsp;&nbsp;&nbsp;&nbsp;&nbsp; 5 % \u2013 20 %<br>\r\nAutomaatne kalibrerimine<br>\r\nEi ole erilisi juhtmeid<br>\r\nM\u00f5\u00f5dud:&nbsp;&nbsp;&nbsp;K\u00f5rguss 200 mm x&nbsp;Laius 35 mm&nbsp;x Paksus 35 mm<br>\r\nPatarei&nbsp;&nbsp;&nbsp;&nbsp;&nbsp; 9 V&nbsp;&nbsp;&nbsp; \u2013 lis\u00e4varustus 9 V Ni-Cd-aku<br>\r\nKaal&nbsp;&nbsp;&nbsp;&nbsp;&nbsp;&nbsp;&nbsp;&nbsp; 130 g<\/p>\n<p><strong>Link:<a href=\"https:\/\/www.gann.de\/_Resources\/Persistent\/540848bc7e8d5dd87a1c89f46d409acf8e75aaca\/Compact_EN.pdf\">\u00a0kasutusjuhend inglise keeles<\/a>\u00a0ja\u00a0<a href=\"https:\/\/www.gann.de\/_Resources\/Persistent\/7694f550bb24a95d5a0a982edb954ae45699c0f3\/Compact_RU.pdf\">\u0438\u043d\u0441\u0442\u0440\u0443\u043a\u0446\u0438\u044f \u043f\u043e \u043f\u0440\u0438\u043c\u0435\u043d\u0435\u043d\u0438\u044e \u043d\u0430 \u0440\u0443\u0441\u0441\u043a\u043e\u043c \u044f\u0437\u044b\u043a\u0435<\/a><\/strong><\/p>","protected":false},"excerpt":{"rendered":"<p><strong>Hydromette Compact\u00a0\u00a0\u00a0 puiduniiskus siset\u00f6\u00f6de korral<\/strong>;<\/p>","protected":false},"featured_media":631,"comment_status":"open","ping_status":"closed","template":"","meta":[],"product_brand":[],"product_cat":[17],"product_tag":[],"class_list":{"0":"post-630","1":"product","2":"type-product","3":"status-publish","4":"has-post-thumbnail","6":"product_cat-puu-ja-energia-niiskusmooturid-niiskus-ja-temperatuur","8":"first","9":"instock","10":"taxable","11":"shipping-taxable","12":"purchasable","13":"product-type-simple"},"jetpack-related-posts":[],"jetpack_sharing_enabled":true,"_links":{"self":[{"href":"https:\/\/atsotamm.com\/en\/wp-json\/wp\/v2\/product\/630","targetHints":{"allow":["GET"]}}],"collection":[{"href":"https:\/\/atsotamm.com\/en\/wp-json\/wp\/v2\/product"}],"about":[{"href":"https:\/\/atsotamm.com\/en\/wp-json\/wp\/v2\/types\/product"}],"replies":[{"embeddable":true,"href":"https:\/\/atsotamm.com\/en\/wp-json\/wp\/v2\/comments?post=630"}],"version-history":[{"count":1,"href":"https:\/\/atsotamm.com\/en\/wp-json\/wp\/v2\/product\/630\/revisions"}],"predecessor-version":[{"id":1527,"href":"https:\/\/atsotamm.com\/en\/wp-json\/wp\/v2\/product\/630\/revisions\/1527"}],"wp:featuredmedia":[{"embeddable":true,"href":"https:\/\/atsotamm.com\/en\/wp-json\/wp\/v2\/media\/631"}],"wp:attachment":[{"href":"https:\/\/atsotamm.com\/en\/wp-json\/wp\/v2\/media?parent=630"}],"wp:term":[{"taxonomy":"product_brand","embeddable":true,"href":"https:\/\/atsotamm.com\/en\/wp-json\/wp\/v2\/product_brand?post=630"},{"taxonomy":"product_cat","embeddable":true,"href":"https:\/\/atsotamm.com\/en\/wp-json\/wp\/v2\/product_cat?post=630"},{"taxonomy":"product_tag","embeddable":true,"href":"https:\/\/atsotamm.com\/en\/wp-json\/wp\/v2\/product_tag?post=630"}],"curies":[{"name":"wp","href":"https:\/\/api.w.org\/{rel}","templated":true}]}}