{"id":613,"date":"2023-08-16T15:27:56","date_gmt":"2023-08-16T15:27:56","guid":{"rendered":"https:\/\/atsotamm.com\/?post_type=product&#038;p=613"},"modified":"2025-03-05T13:11:43","modified_gmt":"2025-03-05T13:11:43","slug":"gann-bl-a-plus-niiskusmootja","status":"publish","type":"product","link":"https:\/\/atsotamm.com\/en\/product\/gann-bl-a-plus-niiskusmootja\/","title":{"rendered":"GANN BL A PLUS MOISTURE METER"},"content":{"rendered":"<p><img fetchpriority=\"high\" decoding=\"async\" class=\"size-medium wp-image-614 alignleft\" src=\"https:\/\/atsotamm.com\/wp-content\/uploads\/2023\/08\/Hydromette_BL_A_plusss_ee-300x209.jpg\" alt=\"\" width=\"300\" height=\"209\" srcset=\"https:\/\/atsotamm.com\/wp-content\/uploads\/2023\/08\/Hydromette_BL_A_plusss_ee-300x209.jpg 300w, https:\/\/atsotamm.com\/wp-content\/uploads\/2023\/08\/Hydromette_BL_A_plusss_ee-768x536.jpg 768w, https:\/\/atsotamm.com\/wp-content\/uploads\/2023\/08\/Hydromette_BL_A_plusss_ee-600x419.jpg 600w, https:\/\/atsotamm.com\/wp-content\/uploads\/2023\/08\/Hydromette_BL_A_plusss_ee.jpg 897w\" sizes=\"(max-width: 300px) 100vw, 300px\" \/>Sellel on m\u00f5\u00f5tev\u00f5imendi t\u00e4psete m\u00f5\u00f5tmiste jaoks ja OLED-ekraan.<br \/>\nUus Res-Cap re\u017eiim \u00fchendab takistuse m\u00f5\u00f5tmise usaldusv\u00e4\u00e4rsuse ja mahtuvusliku meetodi lihtsa k\u00e4sitlemise. Takistuse m\u00f5\u00f5tmisel v\u00f5etakse automaatselt arvesse \u00fcle 300 erineva puuliigi, mille temperatuuri m\u00f5\u00f5tmine kompenseeritakse k\u00e4sitsi. Mahtuvuslik m\u00f5\u00f5tmine v\u00f5imaldab kiireid, j\u00e4litamatuid m\u00f5\u00f5tmisi. Puuliikide seade sisaldab valikut enam kui 50 puuliigist. Piirv\u00e4\u00e4rtused seatakse eraldi. Kui seatud l\u00e4viv\u00e4\u00e4rtus on \u00fcletatud, ilmub vilkuv LED LED-hoiatussignaalina.<br \/>\nNiiskus elektritakistuse p\u00f5hjal: 5\u201370% (Atro)<br \/>\nLisaseadmed puidu niiskuse m\u00f5\u00f5tmiseks. Liughaamer Vasara haamer\u00a0Tefl-ga kaetud elektroodid Isoleeritud elektroodid<br \/>\nKiibi niiskuse m\u00f5\u00f5tmine: konnektoriga tefl.kattega sond katmata sond<br \/>\nNiiskusesisaldus mahtuvuslikul laadimisel: 5\u201350% (Atro)<br \/>\n&#8211; Pole vaja eraldi elektroode ega kaableid (mahtuvusliku laengu m\u00f5\u00f5tmine)<br \/>\nMugav ja kiire \u00f5huniiskuse m\u00f5\u00f5tur \u00fchekordsete v\u00f5i partiide kiireks m\u00f5\u00f5tmiseks.<br \/>\nPuidu niiskusekraan otse massiprotsendilises OLED-ekraanil<br \/>\nMin, Max ja Hold funktsioon<br \/>\nViimase 5 m\u00f5\u00f5detud v\u00e4\u00e4rtuse registreerimine<br \/>\nKui seadet ei kasutata, l\u00fclitub seade automaatselt v\u00e4lja<br \/>\nPuidu temperatuuri kompenseerimine toimub k\u00e4sitsi v\u00f5i automaatselt masina temperatuuri kaudu<br \/>\nVisuaalne LED-h\u00e4ire, kui piirv\u00e4\u00e4rtus on \u00fcletatud<br \/>\n\u00dcle 300 puidup\u00f5hise elektritakistuse m\u00f5\u00f5tmise &#8220;piigi m\u00f5\u00f5tmine&#8221;<br \/>\nRohkem kui 50 liiki mahtuvusliku laengu m\u00f5\u00f5tmisel<span class=\"tlid-translation translation\" lang=\"et\"><br \/>\nKorpuse m\u00f5\u00f5tmed: 175 [L] x 50 [L] x 30 mm (K), kaal umbes 200 g\u00a0<\/span>Toiteallikas: 9 V aku<br \/>\nKogupikkus: umbes 185 mm<br \/>\nMuud tarvikud:\u00a0V\u00e4iksem kott Suurem kott<br \/>\n<a href=\"https:\/\/www.gann.de\/_Resources\/Persistent\/9dacc79cb062c9a3b090a331f379335570c3d29d\/BL_A_plus_V1.1_EN.pdf\"><strong>Link: kasutusjuhend inglise keeles<\/strong><\/a>,\u00a0<strong><a href=\"https:\/\/www.atsotamm.ee\/ee\/ws\/7\/17\/ehitus+ja+puu+lisaseadmed\/atso+ramm-elektrood+ml20+gann+ja+trotec.html\">Ram-haamer ML 20<\/a>,\u00a0<a href=\"https:\/\/www.atsotamm.ee\/ee\/ws\/7\/18\/ehitus+ja+puu+lisaseadmed\/gann+ja+trotec+teflon+kaitstud+n%C3%B5elad.html\">kaitsetud elektroodid L= 40 mm \/ 25 mm<\/a>,\u00a0<a href=\"https:\/\/www.atsotamm.ee\/ee\/ws\/7\/16\/ehitus+ja+puu+lisaseadmed\/gann+kaabel+mk+8+m%C3%B5%C3%B5dik++haamer.html\">juhe MK 8<\/a><\/strong><\/p>\n","protected":false},"excerpt":{"rendered":"<p>Hydromette BL A plus includes a precise measurement method based on electrical resistance and capacitive charging. It is perfect for determining the moisture content of lumber (thickness up to 180 mm), chipboard and veneer.<\/p>\n<p>&nbsp;<\/p>","protected":false},"featured_media":615,"comment_status":"open","ping_status":"closed","template":"","meta":[],"product_brand":[],"product_cat":[17],"product_tag":[],"class_list":{"0":"post-613","1":"product","2":"type-product","3":"status-publish","4":"has-post-thumbnail","6":"product_cat-puu-ja-energia-niiskusmooturid-niiskus-ja-temperatuur","8":"first","9":"instock","10":"taxable","11":"shipping-taxable","12":"purchasable","13":"product-type-simple"},"jetpack-related-posts":[],"jetpack_sharing_enabled":true,"_links":{"self":[{"href":"https:\/\/atsotamm.com\/en\/wp-json\/wp\/v2\/product\/613","targetHints":{"allow":["GET"]}}],"collection":[{"href":"https:\/\/atsotamm.com\/en\/wp-json\/wp\/v2\/product"}],"about":[{"href":"https:\/\/atsotamm.com\/en\/wp-json\/wp\/v2\/types\/product"}],"replies":[{"embeddable":true,"href":"https:\/\/atsotamm.com\/en\/wp-json\/wp\/v2\/comments?post=613"}],"version-history":[{"count":1,"href":"https:\/\/atsotamm.com\/en\/wp-json\/wp\/v2\/product\/613\/revisions"}],"predecessor-version":[{"id":1533,"href":"https:\/\/atsotamm.com\/en\/wp-json\/wp\/v2\/product\/613\/revisions\/1533"}],"wp:featuredmedia":[{"embeddable":true,"href":"https:\/\/atsotamm.com\/en\/wp-json\/wp\/v2\/media\/615"}],"wp:attachment":[{"href":"https:\/\/atsotamm.com\/en\/wp-json\/wp\/v2\/media?parent=613"}],"wp:term":[{"taxonomy":"product_brand","embeddable":true,"href":"https:\/\/atsotamm.com\/en\/wp-json\/wp\/v2\/product_brand?post=613"},{"taxonomy":"product_cat","embeddable":true,"href":"https:\/\/atsotamm.com\/en\/wp-json\/wp\/v2\/product_cat?post=613"},{"taxonomy":"product_tag","embeddable":true,"href":"https:\/\/atsotamm.com\/en\/wp-json\/wp\/v2\/product_tag?post=613"}],"curies":[{"name":"wp","href":"https:\/\/api.w.org\/{rel}","templated":true}]}}