{"id":604,"date":"2023-08-16T15:21:44","date_gmt":"2023-08-16T15:21:44","guid":{"rendered":"https:\/\/atsotamm.com\/?post_type=product&#038;p=604"},"modified":"2023-08-16T15:21:44","modified_gmt":"2023-08-16T15:21:44","slug":"delmhorst-jx-30","status":"publish","type":"product","link":"https:\/\/atsotamm.com\/en\/product\/delmhorst-jx-30\/","title":{"rendered":"Delmhorst JX 30 - scan"},"content":{"rendered":"<p><img fetchpriority=\"high\" decoding=\"async\" class=\"size-medium wp-image-605 alignleft\" src=\"https:\/\/atsotamm.com\/wp-content\/uploads\/2023\/08\/JX_30_taulukko-278x300.jpg\" alt=\"\" width=\"278\" height=\"300\" srcset=\"https:\/\/atsotamm.com\/wp-content\/uploads\/2023\/08\/JX_30_taulukko-278x300.jpg 278w, https:\/\/atsotamm.com\/wp-content\/uploads\/2023\/08\/JX_30_taulukko.jpg 300w\" sizes=\"(max-width: 278px) 100vw, 278px\" \/>Suur, kohandatud automaatse taustvalgustusega ekraan \u2013 lihtne valmis igas olukorras<br \/>\nMC vahemik \u2013 6\u201360% puitu (Douglas Fir)<br \/>\nLiigid \u2013 74 pluss 123 t\u00e4iendavat on saadaval rakenduse EDGE\u2122 kaudu<br \/>\nPuidu temperatuuri Kompensatsioon (\u00b0F\/\u00b0C)<br \/>\nElektroodide kasutus\u00a0 (isoleeritud v\u00f5i isoleerimata)<br \/>\nAlarm setpoint \u2013 alerts the user to the selected MC level<br \/>\nEkraanil kuvatav statistika \u2013 k\u00f5rge, madal, keskmine, standardh\u00e4lve, vaata k\u00f5iki n\u00e4itu<br \/>\nInternal calibration check<br \/>\n\u201cLow Batt\u201d warning with sound<br \/>\nAutomaatne v\u00e4ljal\u00fclitustaimer m\u00e4\u00e4rake: 1 min, 4 min v\u00f5i 10 min<br \/>\nIntegreeritud kontakttielektroodid maksimaalselt 5\/16\u201d<br \/>\nCompatible with any Delmhorst external electrode.<br \/>\nV\u00e4rvikoodiga LED-id \u2013 reguleeritavad rakenduse EDGE\u2122 kaudu<br \/>\nPower \u2013 2x AA batteries \u2013 Alkaline Energizer (included)<br \/>\nArvestil olev QR-kood, et h\u00f5lbustada juurdep\u00e4\u00e4su abimaterjalidele<br \/>\nSuurus: ainult meeter \u2013 8,65 tolli (220 mm) x 2,85 tolli (72 mm) x 1,55 tolli (39 mm);<br \/>\nKaal ainult: &#8211; 0,4,5 untsi (1,3g); kandekotis &#8211; 18 untsi (510 g)<br \/>\nTugev plastikust kandekott \u2013 (kaasa) &#8211;\u00a02-aastane garantii<br \/>\nLinkid:\u00a0<strong>Haamer ES 26<\/strong><strong>,\u00a0haamer 26 ED,\u00a0isoleeritud elektroodid 2&#8243;,\u00a0Delmhorsti padrun,\u00a0Delmhorsti kaabel,\u00a0mutrid<\/strong><\/p>\n<div id=\"gtx-trans\" style=\"position: absolute; left: -34px; top: 479.8px;\">\n<div class=\"gtx-trans-icon\"><\/div>\n<\/div>","protected":false},"excerpt":{"rendered":"<p>JX-30 on uue Navigatori perekonna uusim arvesti! Toome professionaalse, t\u00e4pse ja mitmek\u00fclgse t\u00f6\u00f6vahendi niiskusprobleemide avastamiseks ja t\u00f6\u00f6s t\u00e4ieliku kindlustunde andmiseks. JX-30 sisaldab Delmhorst EDGE\u2122 rakendust laiendatud puiduliikide, kohandatavate s\u00e4tete ja v\u00f5imalusega jagada andmeid k\u00f5ikjal.<br \/>\nLinkid:\u00a0<strong>Haamer ES 26<\/strong><strong>,\u00a0haamer 26 ED,\u00a0isoleeritud elektroodid 2&#8243;,\u00a0Delmhorsti padrun,\u00a0Delmhorsti kaabel,\u00a0mutrid<\/strong><\/p>\n<div id=\"gtx-trans\" style=\"position: absolute; left: 0px; top: 109.8px;\">\n<div class=\"gtx-trans-icon\"><\/div>\n<\/div>","protected":false},"featured_media":606,"comment_status":"open","ping_status":"closed","template":"","meta":[],"product_brand":[],"product_cat":[17],"product_tag":[],"class_list":{"0":"post-604","1":"product","2":"type-product","3":"status-publish","4":"has-post-thumbnail","6":"product_cat-puu-ja-energia-niiskusmooturid-niiskus-ja-temperatuur","8":"first","9":"instock","10":"taxable","11":"shipping-taxable","12":"purchasable","13":"product-type-simple"},"jetpack-related-posts":[],"jetpack_sharing_enabled":true,"_links":{"self":[{"href":"https:\/\/atsotamm.com\/en\/wp-json\/wp\/v2\/product\/604","targetHints":{"allow":["GET"]}}],"collection":[{"href":"https:\/\/atsotamm.com\/en\/wp-json\/wp\/v2\/product"}],"about":[{"href":"https:\/\/atsotamm.com\/en\/wp-json\/wp\/v2\/types\/product"}],"replies":[{"embeddable":true,"href":"https:\/\/atsotamm.com\/en\/wp-json\/wp\/v2\/comments?post=604"}],"version-history":[{"count":0,"href":"https:\/\/atsotamm.com\/en\/wp-json\/wp\/v2\/product\/604\/revisions"}],"wp:featuredmedia":[{"embeddable":true,"href":"https:\/\/atsotamm.com\/en\/wp-json\/wp\/v2\/media\/606"}],"wp:attachment":[{"href":"https:\/\/atsotamm.com\/en\/wp-json\/wp\/v2\/media?parent=604"}],"wp:term":[{"taxonomy":"product_brand","embeddable":true,"href":"https:\/\/atsotamm.com\/en\/wp-json\/wp\/v2\/product_brand?post=604"},{"taxonomy":"product_cat","embeddable":true,"href":"https:\/\/atsotamm.com\/en\/wp-json\/wp\/v2\/product_cat?post=604"},{"taxonomy":"product_tag","embeddable":true,"href":"https:\/\/atsotamm.com\/en\/wp-json\/wp\/v2\/product_tag?post=604"}],"curies":[{"name":"wp","href":"https:\/\/api.w.org\/{rel}","templated":true}]}}