{"id":592,"date":"2023-08-15T18:09:20","date_gmt":"2023-08-15T18:09:20","guid":{"rendered":"https:\/\/atsotamm.com\/?post_type=product&#038;p=592"},"modified":"2023-08-15T18:09:20","modified_gmt":"2023-08-15T18:09:20","slug":"merlin-testplaat","status":"publish","type":"product","link":"https:\/\/atsotamm.com\/en\/product\/merlin-testplaat\/","title":{"rendered":"MERLIN TESTPLAAT"},"content":{"rendered":"<p><img fetchpriority=\"high\" decoding=\"async\" class=\"size-medium wp-image-593 alignleft\" src=\"https:\/\/atsotamm.com\/wp-content\/uploads\/2023\/08\/testikappale_puu-300x208.jpg\" alt=\"\" width=\"300\" height=\"208\" srcset=\"https:\/\/atsotamm.com\/wp-content\/uploads\/2023\/08\/testikappale_puu-300x208.jpg 300w, https:\/\/atsotamm.com\/wp-content\/uploads\/2023\/08\/testikappale_puu.jpg 400w\" sizes=\"(max-width: 300px) 100vw, 300px\" \/>Teie merlin\u00ae puiduniiskusm\u00f5\u00f5turile viidi tehases l\u00e4bi<br \/>\nt\u00e4pne kvaliteedikontroll.<br \/>\nSelle tehaseseadete \u00f5igsust saab kontrollida testplaadi<br \/>\nPP2 abil. Testpaneel koosneb materjalist, mille niiskuse<br \/>\nneeldumine on &lt; 0,1% ja temperatuuristabiilsus &lt; 0,1%<br \/>\nvahemikus 10\u201335 \u00b0C.<br \/>\nS\u00f5ltuvalt seadme t\u00fc\u00fcbist kuvatakse konkreetne<br \/>\nkontrollv\u00e4\u00e4rtus, asetades seadme testplaadile<\/p>","protected":false},"excerpt":{"rendered":"<p>HM9 seeriale, EVO seeriale, HM8 seeriale<\/p>","protected":false},"featured_media":593,"comment_status":"open","ping_status":"closed","template":"","meta":[],"product_brand":[],"product_cat":[19],"product_tag":[],"class_list":{"0":"post-592","1":"product","2":"type-product","3":"status-publish","4":"has-post-thumbnail","6":"product_cat-ehitus-ja-puu-lisaseadmed","8":"first","9":"instock","10":"taxable","11":"shipping-taxable","12":"purchasable","13":"product-type-simple"},"jetpack-related-posts":[],"jetpack_sharing_enabled":true,"_links":{"self":[{"href":"https:\/\/atsotamm.com\/en\/wp-json\/wp\/v2\/product\/592","targetHints":{"allow":["GET"]}}],"collection":[{"href":"https:\/\/atsotamm.com\/en\/wp-json\/wp\/v2\/product"}],"about":[{"href":"https:\/\/atsotamm.com\/en\/wp-json\/wp\/v2\/types\/product"}],"replies":[{"embeddable":true,"href":"https:\/\/atsotamm.com\/en\/wp-json\/wp\/v2\/comments?post=592"}],"version-history":[{"count":0,"href":"https:\/\/atsotamm.com\/en\/wp-json\/wp\/v2\/product\/592\/revisions"}],"wp:featuredmedia":[{"embeddable":true,"href":"https:\/\/atsotamm.com\/en\/wp-json\/wp\/v2\/media\/593"}],"wp:attachment":[{"href":"https:\/\/atsotamm.com\/en\/wp-json\/wp\/v2\/media?parent=592"}],"wp:term":[{"taxonomy":"product_brand","embeddable":true,"href":"https:\/\/atsotamm.com\/en\/wp-json\/wp\/v2\/product_brand?post=592"},{"taxonomy":"product_cat","embeddable":true,"href":"https:\/\/atsotamm.com\/en\/wp-json\/wp\/v2\/product_cat?post=592"},{"taxonomy":"product_tag","embeddable":true,"href":"https:\/\/atsotamm.com\/en\/wp-json\/wp\/v2\/product_tag?post=592"}],"curies":[{"name":"wp","href":"https:\/\/api.w.org\/{rel}","templated":true}]}}