{"id":529,"date":"2023-08-15T16:11:28","date_gmt":"2023-08-15T16:11:28","guid":{"rendered":"https:\/\/atsotamm.com\/?post_type=product&#038;p=529"},"modified":"2026-05-13T05:56:22","modified_gmt":"2026-05-13T05:56:22","slug":"trotec-app-sensor-bm31w","status":"publish","type":"product","link":"https:\/\/atsotamm.com\/en\/product\/trotec-app-sensor-bm31w\/","title":{"rendered":"TROTEC APP SENSOR BM31W"},"content":{"rendered":"<p><img fetchpriority=\"high\" decoding=\"async\" class=\"size-medium wp-image-530 alignleft\" src=\"https:\/\/atsotamm.com\/wp-content\/uploads\/2023\/08\/app_pallo_350-297x300.jpg\" alt=\"\" width=\"297\" height=\"300\" srcset=\"https:\/\/atsotamm.com\/wp-content\/uploads\/2023\/08\/app_pallo_350-297x300.jpg 297w, https:\/\/atsotamm.com\/wp-content\/uploads\/2023\/08\/app_pallo_350-100x100.jpg 100w, https:\/\/atsotamm.com\/wp-content\/uploads\/2023\/08\/app_pallo_350.jpg 350w\" sizes=\"(max-width: 297px) 100vw, 297px\" \/><\/p>\n<p><strong>M\u00f5\u00f5tepiirkond<\/strong><br \/>\nM\u00f5\u00f5tepiirkond\u00a0max 100 &#8211;\u00a0M\u00f5\u00f5tepiirkond min. 0 &#8211; Ekraani t\u00e4psus 0,1<br \/>\nM\u00f5\u00f5tmi<\/p>\n<p>sp\u00f5him\u00f5te dielektriline \/ mahtuvuslik<\/p>\n<p><strong>\u00dcmbritsevad keskkonnatingimused [\u00b0 C]<\/strong><br \/>\n\u00f6\u00f6temperatuur min 0 ja max 50<br \/>\n<strong>M\u00f5\u00f5tmed [mm]<\/strong><br \/>\nPikkus 22 x\u00a0 Laius 36 x K\u00f5rgus 160<br \/>\n<strong>Kaal ilma pakendita<\/strong>\u00a0[kg] 0,093<br \/>\nTavaline tarnimine<br \/>\nM\u00f5\u00f5teseade &#8211;\u00a0Aku &#8211; Randmerihm &#8211; Kasutusjuhend<br \/>\nM\u00f5\u00f5detud muutuja ja funktsioonid<br \/>\nMaterjali anduri mahtuvus Funktsioonid ja varustus &#8211; Aku oleku n\u00e4idik\u00a0 &#8211; Min.-\u00a0\u00a0ja max.\u00a0v\u00e4\u00e4rtuse kuvamine<br \/>\nKeskmise v\u00e4\u00e4rtuse kuvamine &#8211; M\u00f5\u00f5detud v\u00e4\u00e4rtuse hoidmine (hoidmine) &#8211; Automaatne dekomisjoneerimine<br \/>\nAlarmi funktsioon &#8211; Pikaajalise m\u00f5\u00f5tmise funktsioon &#8211; Diagramm \/ Maatriks \/ Tabeli kuvamine m\u00f5\u00f5detud v\u00e4\u00e4rtused<\/p>\n","protected":false},"excerpt":{"rendered":"<p>Tehnilised andmed BM31WP Materjali niiskus:<br \/>\nMaterjali niiskus\u00a0 numbriline (digit)<br \/>\nM\u00f5\u00f5tepiirkond min.\u00a0 0 &#8211; M\u00f5\u00f5tepiirkond max\u00a0 100<br \/>\nEkraani resolutsioon\u00a0 0,1<br \/>\nM\u00f5\u00f5tmise p\u00f5him\u00f5te\u00a0 dielektriline \/ mahtuvuslik<\/p>\n<p><strong>Keskkonnatingimused<\/strong><br \/>\nT\u00f6\u00f6temperatuur min \/ max [\u00b0C]:\u00a0 \u00a00 &#8211; +50<br \/>\nM\u00f5\u00f5tmed\u00a0 [mm]:\u00a0 \u00a0 \u00a0 \u00a0 \u00a0 \u00a0 \u00a0 \u00a0 \u00a0 \u00a0 \u00a0 \u00a0 \u00a0 \u00a0 \u00a0 \u00a0Pikkus\u00a0 22 &#8211; Laius\u00a0 36\u00a0 &#8211; K\u00f5rgus\u00a0 \u00a0\u00a0 160<br \/>\nKaal ilma pakendita [kg]\u00a0 \u00a0 \u00a0 \u00a0 \u00a0 \u00a0 \u00a0 \u00a0 \u00a0 0,093<br \/>\nTavaline kohaletoimetamine: m\u00f5\u00f5teseade \u2013 patareid \u2013 k\u00e4erihm &#8211; juhiseid<\/p>\n<p><b>Materjali<\/b> <b>niiskus<\/b><b> (<\/b><b>mahtuvuslik<\/b><b>) <\/b><b>funktsioonid<\/b><b> ja varustus<br \/>\n<\/b>patareid oleku indikaator<br \/>\nMin- ja max v\u00e4\u00e4rtuse kuvamine\u00a0 \u00a0 \u00a0 \u00a0 Keskmise v\u00e4\u00e4rtuse kuvamine<br \/>\nM\u00f5\u00f5tmise hoidmise funktsioon\u00a0 \u00a0 \u00a0 \u00a0 \u00a0Automaatne v\u00e4ljal\u00fclitamine<br \/>\nH\u00e4ire funktsioon\u00a0 \u00a0 \u00a0 \u00a0 \u00a0 \u00a0 \u00a0 \u00a0 \u00a0 \u00a0 \u00a0 \u00a0 \u00a0 \u00a0 \u00a0 \u00a0 \u00a0 \u00a0Pikaajaline m\u00f5\u00f5tmisfunktsioon<br \/>\nM\u00f5\u00f5tmisandmete diagramm\/maatriks\/tabel<br \/>\nAndmete eksport\u00a0 \u00a0 \u00a0 \u00a0 \u00a0 \u00a0 \u00a0 \u00a0 \u00a0 \u00a0 \u00a0 \u00a0 \u00a0 \u00a0 \u00a0 \u00a0 \u00a0 \u00a0 Aruande funktsioon<\/p>\n","protected":false},"featured_media":531,"comment_status":"open","ping_status":"closed","template":"","meta":[],"product_brand":[],"product_cat":[18],"product_tag":[59,45],"class_list":{"0":"post-529","1":"product","2":"type-product","3":"status-publish","4":"has-post-thumbnail","6":"product_cat-ehitus-hugromeeter-niiskus-ja-temperatuur","7":"product_tag-ehitus","8":"product_tag-niiskus","10":"first","11":"instock","12":"taxable","13":"shipping-taxable","14":"purchasable","15":"product-type-simple"},"jetpack-related-posts":[],"jetpack_sharing_enabled":true,"_links":{"self":[{"href":"https:\/\/atsotamm.com\/en\/wp-json\/wp\/v2\/product\/529","targetHints":{"allow":["GET"]}}],"collection":[{"href":"https:\/\/atsotamm.com\/en\/wp-json\/wp\/v2\/product"}],"about":[{"href":"https:\/\/atsotamm.com\/en\/wp-json\/wp\/v2\/types\/product"}],"replies":[{"embeddable":true,"href":"https:\/\/atsotamm.com\/en\/wp-json\/wp\/v2\/comments?post=529"}],"version-history":[{"count":3,"href":"https:\/\/atsotamm.com\/en\/wp-json\/wp\/v2\/product\/529\/revisions"}],"predecessor-version":[{"id":1638,"href":"https:\/\/atsotamm.com\/en\/wp-json\/wp\/v2\/product\/529\/revisions\/1638"}],"wp:featuredmedia":[{"embeddable":true,"href":"https:\/\/atsotamm.com\/en\/wp-json\/wp\/v2\/media\/531"}],"wp:attachment":[{"href":"https:\/\/atsotamm.com\/en\/wp-json\/wp\/v2\/media?parent=529"}],"wp:term":[{"taxonomy":"product_brand","embeddable":true,"href":"https:\/\/atsotamm.com\/en\/wp-json\/wp\/v2\/product_brand?post=529"},{"taxonomy":"product_cat","embeddable":true,"href":"https:\/\/atsotamm.com\/en\/wp-json\/wp\/v2\/product_cat?post=529"},{"taxonomy":"product_tag","embeddable":true,"href":"https:\/\/atsotamm.com\/en\/wp-json\/wp\/v2\/product_tag?post=529"}],"curies":[{"name":"wp","href":"https:\/\/api.w.org\/{rel}","templated":true}]}}