{"id":499,"date":"2023-08-15T14:48:51","date_gmt":"2023-08-15T14:48:51","guid":{"rendered":"https:\/\/atsotamm.com\/?post_type=product&#038;p=499"},"modified":"2026-01-29T10:34:23","modified_gmt":"2026-01-29T10:34:23","slug":"gann-ch-17-mootmise-terminal","status":"publish","type":"product","link":"https:\/\/atsotamm.com\/en\/product\/gann-ch-17-mootmise-terminal\/","title":{"rendered":"GANN CH 17 MEASUREMENT TERMINAL"},"content":{"rendered":"<p><img fetchpriority=\"high\" decoding=\"async\" class=\"size-medium wp-image-500 alignleft\" src=\"https:\/\/atsotamm.com\/wp-content\/uploads\/2023\/08\/CH_17_kaikki_400-300x269.jpg\" alt=\"\" width=\"300\" height=\"269\" srcset=\"https:\/\/atsotamm.com\/wp-content\/uploads\/2023\/08\/CH_17_kaikki_400-300x269.jpg 300w, https:\/\/atsotamm.com\/wp-content\/uploads\/2023\/08\/CH_17_kaikki_400.jpg 400w\" sizes=\"(max-width: 300px) 100vw, 300px\" \/><\/p>\n<p><strong>Hydromette CH 17<\/strong>\u00a0on multifunktsionaalne m\u00f5\u00f5teseade puidu, hoone ja \u00f5huniiskuse ning temperatuuri ja \u00f5hukiiruse m\u00f5\u00f5tmiseks.<br \/>\nTugev puutetundlik ekraan v\u00f5imaldab t\u00e4iesti uusi valikuv\u00f5imalusi seoses kaasaegsete hindamis- ja salvestusv\u00f5imalustega.<br \/>\n<strong>Puidu niiskuse m\u00f5\u00f5tmise\u00a0<\/strong>valdkonnas kasutatakse s\u00f5ltuvalt puidu paksusest ja tekstuurist erinevaid takistuse m\u00f5\u00f5tmise elektroode. Seega on v\u00f5imalikud saematerjali (paksus kuni 180 mm), puitlaast- ja OSB-plaatide, spoonide, hakkepuidu jms puistematerjalide t\u00e4ppism\u00f5\u00f5tmised. Automaatne temperatuurikompensatsioon korrigeerib m\u00f5\u00f5detud v\u00e4\u00e4rtusi s\u00f5ltuvalt puidu temperatuurist.<br \/>\n<span class=\"tlid-translation translation\" lang=\"et\"><strong>lingid<\/strong><strong>:\u00a0<\/strong><strong>vasarandur ML20, kaabel MK 8 andur&#8217;le ML 20,\u00a0<\/strong>elektroodid\u00a0L=60\/45 mm tai 40\/25<\/span><br \/>\n<strong>Mahtuvuslikku m\u00f5\u00f5tmismeetodit<\/strong>\u00a0kasutatakse ehitusmaterjalide (nt tasanduskiht, m\u00f6rt, krohv, betoon, tellis, isolatsioon ja isolatsioonimaterjalid) mittepurustavaks niiskuse m\u00f5\u00f5tmiseks. Ajas\u00e4\u00e4stlik rakendus sobib ideaalselt lekete tuvastamiseks v\u00f5i kuivamisprotsesside j\u00e4lgimiseks uusehitistes v\u00f5i renoveerimist\u00f6\u00f6de ajal.<br \/>\n<span class=\"tlid-translation translation\" lang=\"et\"><strong>lingid<\/strong><strong>:<\/strong><\/span><br \/>\n<strong>T\u00e4psete niiskusprofiilide loomiseks ja ehitusmaterjalide<\/strong>\u00a0s\u00fcgavuse m\u00f5\u00f5tmiseks on erinevate rakenduste jaoks saadaval spetsiaalsed takistuse m\u00f5\u00f5tmise elektroodid.<br \/>\nNiiskust ja \u00f5hutemperatuuri salvestatakse RF-T ja RH-T seeria\u00a0 varustatud kvaliteetsete anduritega<br \/>\n<span class=\"tlid-translation translation\" lang=\"et\"><strong>lingid<\/strong><strong>:<\/strong><\/span><br \/>\nLisaks \u00f5hutemperatuurile saab m\u00f5\u00f5ta pinnatemperatuure (Pt100 v\u00f5i infrapuna alusel) ja materjali temperatuure (ka Pt100 alusel).\u00a0<span class=\"tlid-translation translation\" lang=\"et\"><strong>lingid<\/strong><strong>:<\/strong><\/span><br \/>\nKoos LG-25 BL \u00f5hukiiruse anduriga sobib Hydromette CH 17 ideaalselt v\u00e4ikseimate \u00f5huvoolude m\u00f5\u00f5tmiseks ning seda iseloomustab pikaajaline stabiilsus, suuna tuvastamine ja kiire kasutuselev\u00f5tt.\u00a0Erinevates ruumirakendustes on v\u00f5imalik ka v\u00e4ga t\u00e4pne kalibreerimine vahemikus umbes 0,45 m\/s.<br \/>\n<span class=\"tlid-translation translation\" lang=\"et\"><strong>lingid<\/strong><strong>:<\/strong><\/span><br \/>\nErinevate hindamis- ja salvestusv\u00f5imalustega (eriti seoses GANN Dialog Pro tarkvaraga) on seade asendamatu abivahend nt asjatundjatele. Kuid Hydromette CH 17 pakub optimaalset tuge ka k\u00f5igile teistele ehitust\u00f6\u00f6stuse kutser\u00fchmadele, kuna see katab laia valikut n\u00f5udeid.<\/p>\n<p><strong>Tugev 3,5-tolline TFT-ekraan (eraldusv\u00f5ime 320 x 240 pikslit)<\/strong><br \/>\nKaasaegne t\u00f6\u00f6kontseptsioon:<br \/>\nOperatsioon mahtuvusliku puutetundliku sisendi ja haptilise silikoonklahviga<br \/>\nOlekutuled n\u00e4itavad seadme erinevaid olekuid<br \/>\nK\u00f5igi saadaolevate rakenduste jaoks k\u00f5ik-\u00fches<br \/>\nk\u00f5neleja<br \/>\nMini-USB port<br \/>\nMicro SD-kaardi pesa v\u00e4lisele m\u00e4lukaardile juurdep\u00e4\u00e4su saamiseks<br \/>\nIntegreeritud andur absoluutse \u00f5hur\u00f5hu m\u00f5\u00f5tmiseks<br \/>\nKontekstitundlik abi<br \/>\nEkraanipildi funktsioon<br \/>\nMaterjaliomased omadused 250 erinevat t\u00fc\u00fcpi puidu ja \u00fcle 20 ehitusmaterjali jaoks<br \/>\nUue GANN Dialog Pro tarkvara m\u00f5\u00f5teandmete t\u00f6\u00f6tlemine ja hindamine<br \/>\nTarkvara v\u00e4rskendused Interneti kaudu:<br \/>\nP\u00fcsivara v\u00e4rskendatakse arvutitarkvara GANN Dialog Pro abil, v\u00f5imaldades seadmesse uusi funktsioone v\u00f5i installides hoolduspakette<br \/>\nVastab standardite EN 14080: 2013 (liimitud ja lamineeritud puit) ja EN 15497: 2014 (s\u00f5rm\u00fchendusega t\u00e4ispuit) n\u00f5uetele<br \/>\nToiteallikas: 6x 1,5 V AA patareid v\u00f5i v\u00e4line toiteallikas USB kaudu (toitepanga \u00fchendamine v\u00f5imalik)<br \/>\nM\u00f5\u00f5dud: 205 [L] x 98 [W] x 35 mm [H]<\/p>\n<p><span class=\"tlid-translation translation\" lang=\"et\"><strong>lingid<\/strong><strong>:\u00a0 B 55 BL, TF-pulk 16-25M, kaabel andur&#8217;le TF-pulk 16&#8230; RH-T BL 160, RH-T 37 BL flex, ,\u00a0<\/strong><a href=\"https:\/\/www.gann.de\/_Resources\/Persistent\/6d911a9e8fb8adeb868392b2e67135fa080c18ed\/CH_17_V1.1_EN.pdf\"><strong>\u00a0kasutusjuhend inglise keeles<\/strong><\/a><\/span><\/p>\n","protected":false},"excerpt":{"rendered":"<p><span title=\"\">Gann uudsus CH 17;<\/span>\u00a0<span title=\"\">Puidu niiskus, niiskuse kaardistamine, struktuurne niiskus, niiskus, \u00f5hutemperatuur, materjali temperatuur, pinnatemperatuur, \u00f5hu kiirus ja paljud lisaseadmed.<\/span><\/p>","protected":false},"featured_media":501,"comment_status":"open","ping_status":"closed","template":"","meta":[],"product_brand":[],"product_cat":[18],"product_tag":[],"class_list":{"0":"post-499","1":"product","2":"type-product","3":"status-publish","4":"has-post-thumbnail","6":"product_cat-ehitus-hugromeeter-niiskus-ja-temperatuur","8":"first","9":"instock","10":"taxable","11":"shipping-taxable","12":"purchasable","13":"product-type-simple"},"jetpack-related-posts":[],"jetpack_sharing_enabled":true,"_links":{"self":[{"href":"https:\/\/atsotamm.com\/en\/wp-json\/wp\/v2\/product\/499","targetHints":{"allow":["GET"]}}],"collection":[{"href":"https:\/\/atsotamm.com\/en\/wp-json\/wp\/v2\/product"}],"about":[{"href":"https:\/\/atsotamm.com\/en\/wp-json\/wp\/v2\/types\/product"}],"replies":[{"embeddable":true,"href":"https:\/\/atsotamm.com\/en\/wp-json\/wp\/v2\/comments?post=499"}],"version-history":[{"count":1,"href":"https:\/\/atsotamm.com\/en\/wp-json\/wp\/v2\/product\/499\/revisions"}],"predecessor-version":[{"id":1540,"href":"https:\/\/atsotamm.com\/en\/wp-json\/wp\/v2\/product\/499\/revisions\/1540"}],"wp:featuredmedia":[{"embeddable":true,"href":"https:\/\/atsotamm.com\/en\/wp-json\/wp\/v2\/media\/501"}],"wp:attachment":[{"href":"https:\/\/atsotamm.com\/en\/wp-json\/wp\/v2\/media?parent=499"}],"wp:term":[{"taxonomy":"product_brand","embeddable":true,"href":"https:\/\/atsotamm.com\/en\/wp-json\/wp\/v2\/product_brand?post=499"},{"taxonomy":"product_cat","embeddable":true,"href":"https:\/\/atsotamm.com\/en\/wp-json\/wp\/v2\/product_cat?post=499"},{"taxonomy":"product_tag","embeddable":true,"href":"https:\/\/atsotamm.com\/en\/wp-json\/wp\/v2\/product_tag?post=499"}],"curies":[{"name":"wp","href":"https:\/\/api.w.org\/{rel}","templated":true}]}}