{"id":491,"date":"2023-08-15T14:42:00","date_gmt":"2023-08-15T14:42:00","guid":{"rendered":"https:\/\/atsotamm.com\/?post_type=product&#038;p=491"},"modified":"2025-02-28T15:08:32","modified_gmt":"2025-02-28T15:08:32","slug":"gann-bl-compact-b2-niiskusmootja","status":"publish","type":"product","link":"https:\/\/atsotamm.com\/en\/product\/gann-bl-compact-b2-niiskusmootja\/","title":{"rendered":"GANN BL COMPACT B2 MOISTURE METER"},"content":{"rendered":"<p><img fetchpriority=\"high\" decoding=\"async\" class=\"wp-image-492 aligncenter\" src=\"https:\/\/atsotamm.com\/wp-content\/uploads\/2023\/08\/BL_compact_B2_vaaka_350-1-300x110.jpg\" alt=\"\" width=\"900\" height=\"330\" srcset=\"https:\/\/atsotamm.com\/wp-content\/uploads\/2023\/08\/BL_compact_B2_vaaka_350-1-300x110.jpg 300w, https:\/\/atsotamm.com\/wp-content\/uploads\/2023\/08\/BL_compact_B2_vaaka_350-1-768x281.jpg 768w, https:\/\/atsotamm.com\/wp-content\/uploads\/2023\/08\/BL_compact_B2_vaaka_350-1-600x219.jpg 600w, https:\/\/atsotamm.com\/wp-content\/uploads\/2023\/08\/BL_compact_B2_vaaka_350-1.jpg 957w\" sizes=\"(max-width: 900px) 100vw, 900px\" \/><\/p>","protected":false},"excerpt":{"rendered":"<p>M\u00f5\u00f5ta erinevate materjalide niiskust ja j\u00e4lgida niiskuse muutusi. T\u00e4helepanu temperatuuri. Erinevate materjalide valitav tihedus.<br \/>\nAlarm reguleerimine.<br \/>\n<a href=\"https:\/\/www.gann.de\/_Resources\/Persistent\/5aca936c3e3f81fb104a41799cab3aa074692fad\/BL_Compact_B_2_V1.1_EN.pdf\"><strong>Link: kasutusjuhend inglise keeles<\/strong><\/a><\/p>","protected":false},"featured_media":493,"comment_status":"open","ping_status":"closed","template":"","meta":[],"product_brand":[],"product_cat":[18],"product_tag":[],"class_list":{"0":"post-491","1":"product","2":"type-product","3":"status-publish","4":"has-post-thumbnail","6":"product_cat-ehitus-hugromeeter-niiskus-ja-temperatuur","8":"first","9":"instock","10":"taxable","11":"shipping-taxable","12":"purchasable","13":"product-type-simple"},"jetpack-related-posts":[],"jetpack_sharing_enabled":true,"_links":{"self":[{"href":"https:\/\/atsotamm.com\/en\/wp-json\/wp\/v2\/product\/491","targetHints":{"allow":["GET"]}}],"collection":[{"href":"https:\/\/atsotamm.com\/en\/wp-json\/wp\/v2\/product"}],"about":[{"href":"https:\/\/atsotamm.com\/en\/wp-json\/wp\/v2\/types\/product"}],"replies":[{"embeddable":true,"href":"https:\/\/atsotamm.com\/en\/wp-json\/wp\/v2\/comments?post=491"}],"version-history":[{"count":1,"href":"https:\/\/atsotamm.com\/en\/wp-json\/wp\/v2\/product\/491\/revisions"}],"predecessor-version":[{"id":1543,"href":"https:\/\/atsotamm.com\/en\/wp-json\/wp\/v2\/product\/491\/revisions\/1543"}],"wp:featuredmedia":[{"embeddable":true,"href":"https:\/\/atsotamm.com\/en\/wp-json\/wp\/v2\/media\/493"}],"wp:attachment":[{"href":"https:\/\/atsotamm.com\/en\/wp-json\/wp\/v2\/media?parent=491"}],"wp:term":[{"taxonomy":"product_brand","embeddable":true,"href":"https:\/\/atsotamm.com\/en\/wp-json\/wp\/v2\/product_brand?post=491"},{"taxonomy":"product_cat","embeddable":true,"href":"https:\/\/atsotamm.com\/en\/wp-json\/wp\/v2\/product_cat?post=491"},{"taxonomy":"product_tag","embeddable":true,"href":"https:\/\/atsotamm.com\/en\/wp-json\/wp\/v2\/product_tag?post=491"}],"curies":[{"name":"wp","href":"https:\/\/api.w.org\/{rel}","templated":true}]}}