{"id":464,"date":"2023-08-07T09:16:46","date_gmt":"2023-08-07T09:16:46","guid":{"rendered":"https:\/\/atsotamm.com\/?post_type=product&#038;p=464"},"modified":"2025-02-28T15:12:21","modified_gmt":"2025-02-28T15:12:21","slug":"trotec-ttr-160-absortiokuivatin","status":"publish","type":"product","link":"https:\/\/atsotamm.com\/en\/product\/trotec-ttr-160-absortiokuivatin\/","title":{"rendered":"TROTEC TTR 160 ABSORPTION DRYER"},"content":{"rendered":"<p><strong><img decoding=\"async\" class=\"size-medium wp-image-465 alignleft\" src=\"https:\/\/atsotamm.com\/wp-content\/uploads\/2023\/08\/TTR_160-1-300x107.jpg\" alt=\"\" width=\"300\" height=\"107\" srcset=\"https:\/\/atsotamm.com\/wp-content\/uploads\/2023\/08\/TTR_160-1-300x107.jpg 300w, https:\/\/atsotamm.com\/wp-content\/uploads\/2023\/08\/TTR_160-1.jpg 350w\" sizes=\"(max-width: 300px) 100vw, 300px\" \/>TTR 160 Seadet kasutatakse siis, kui objektid vajavad ennetavaks hoolduseks<br \/>\nmadalat \u00f5huniiskust v\u00f5i kui niiskustundlikud kaubad ja toorained vajavad ladustamiseks<br \/>\nja transportimiseks kuiva v\u00e4lis\u00f5hku.<\/strong><br \/>\n<strong>Tehniline informatsioon:<\/strong><br \/>\nKuiv \u00f5hk sisselaske\u00f5hk 20 \u00b0 C \/ 60% rH &#8211;\u00a0Kuivatamine [kg \/ 24h] 12 &#8211;\u00a0\u00d5hu maht min \/ max [M\u00b3 \/ h] 60 &#8211; 160<br \/>\n\u00d5hu nimimaht [m\u00b3 \/ h] 155 &#8211;\u00a0V\u00e4line r\u00f5hk [Pa] 50 &#8211;\u00a0Sisend \u00d8 (mm) v\u00e4ljalaskeava \u00d8 [mm] 100<br \/>\n\u00f5hu regenereerimine &#8211;\u00a0Temperatuur min. \/ max [\u00b0 C] -20 &#8211;\u00a0 35 &#8211;\u00a0\u00d5huniiskus min.\/max [% r.F.] 0 &#8211;\u00a0 100<\/p>\n","protected":false},"excerpt":{"rendered":"<p><strong>TTR 160 absortiokuivatin &#8211; k\u00fcsi hinnapakkumist<br \/>\n<\/strong><\/p>","protected":false},"featured_media":253,"comment_status":"open","ping_status":"closed","template":"","meta":[],"product_brand":[],"product_cat":[15],"product_tag":[],"class_list":{"0":"post-464","1":"product","2":"type-product","3":"status-publish","4":"has-post-thumbnail","6":"product_cat-masinad-ja-seadmed-puu-ja-ehitus","8":"first","9":"instock","10":"taxable","11":"shipping-taxable","12":"purchasable","13":"product-type-simple"},"jetpack-related-posts":[],"jetpack_sharing_enabled":true,"_links":{"self":[{"href":"https:\/\/atsotamm.com\/en\/wp-json\/wp\/v2\/product\/464","targetHints":{"allow":["GET"]}}],"collection":[{"href":"https:\/\/atsotamm.com\/en\/wp-json\/wp\/v2\/product"}],"about":[{"href":"https:\/\/atsotamm.com\/en\/wp-json\/wp\/v2\/types\/product"}],"replies":[{"embeddable":true,"href":"https:\/\/atsotamm.com\/en\/wp-json\/wp\/v2\/comments?post=464"}],"version-history":[{"count":1,"href":"https:\/\/atsotamm.com\/en\/wp-json\/wp\/v2\/product\/464\/revisions"}],"predecessor-version":[{"id":1546,"href":"https:\/\/atsotamm.com\/en\/wp-json\/wp\/v2\/product\/464\/revisions\/1546"}],"wp:featuredmedia":[{"embeddable":true,"href":"https:\/\/atsotamm.com\/en\/wp-json\/wp\/v2\/media\/253"}],"wp:attachment":[{"href":"https:\/\/atsotamm.com\/en\/wp-json\/wp\/v2\/media?parent=464"}],"wp:term":[{"taxonomy":"product_brand","embeddable":true,"href":"https:\/\/atsotamm.com\/en\/wp-json\/wp\/v2\/product_brand?post=464"},{"taxonomy":"product_cat","embeddable":true,"href":"https:\/\/atsotamm.com\/en\/wp-json\/wp\/v2\/product_cat?post=464"},{"taxonomy":"product_tag","embeddable":true,"href":"https:\/\/atsotamm.com\/en\/wp-json\/wp\/v2\/product_tag?post=464"}],"curies":[{"name":"wp","href":"https:\/\/api.w.org\/{rel}","templated":true}]}}