{"id":1625,"date":"2026-01-06T13:30:48","date_gmt":"2026-01-06T13:30:48","guid":{"rendered":"https:\/\/atsotamm.com\/?post_type=product&#038;p=1625"},"modified":"2026-02-10T11:24:20","modified_gmt":"2026-02-10T11:24:20","slug":"merlin-hm9-ws13-niiskusmootja","status":"publish","type":"product","link":"https:\/\/atsotamm.com\/en\/product\/merlin-hm9-ws13-niiskusmootja\/","title":{"rendered":"Merlin HM 9 WS 13 moisture meter"},"content":{"rendered":"<p>Mudel HM9 &#8211; WS 13 h\u00f6\u00f6veldatud ja\/v\u00f5i lihvitud puidu jaoks. M\u00f5\u00f5tmine ei j\u00e4ta j\u00e4lgi. M\u00f5\u00f5tmist saab teha ka liikuva objekti ajal.<br \/>\nH\u00f6\u00f6veldusvabrikud, akna- ja uksetehased, m\u00f6\u00f6blivabrik, tehnilised puidutooted.<\/p>","protected":false},"excerpt":{"rendered":"<p class=\"translation-block\">474\nExtended measuring range from 0.175 to 1.075 g\/cm3\n21 wood groups pre-programmed\nWood type and density can be selected via the display menu\nHigh resolution matrix 128 x 64\nTemperature display on the display\nDisplay illumination\nMeasured value hold function (e.g. for overhead measurement)\nAutomatic calibration function\nMenu languages: German, English, French and Spanish, Italian, Portuguese, Czech, Russian\nQuick feature selection\nMeasurement leaves no traces<\/p>","protected":false},"featured_media":665,"comment_status":"open","ping_status":"closed","template":"","meta":[],"product_brand":[],"product_cat":[17],"product_tag":[56,55,57,58],"class_list":{"0":"post-1625","1":"product","2":"type-product","3":"status-publish","4":"has-post-thumbnail","6":"product_cat-puu-ja-energia-niiskusmooturid-niiskus-ja-temperatuur","7":"product_tag-akna-ja-uksetehased","8":"product_tag-hooveldusvabrikud","9":"product_tag-mooblivabrik","10":"product_tag-tehnilised-puidutooted","12":"first","13":"instock","14":"taxable","15":"shipping-taxable","16":"purchasable","17":"product-type-simple"},"jetpack-related-posts":[],"jetpack_sharing_enabled":true,"_links":{"self":[{"href":"https:\/\/atsotamm.com\/en\/wp-json\/wp\/v2\/product\/1625","targetHints":{"allow":["GET"]}}],"collection":[{"href":"https:\/\/atsotamm.com\/en\/wp-json\/wp\/v2\/product"}],"about":[{"href":"https:\/\/atsotamm.com\/en\/wp-json\/wp\/v2\/types\/product"}],"replies":[{"embeddable":true,"href":"https:\/\/atsotamm.com\/en\/wp-json\/wp\/v2\/comments?post=1625"}],"version-history":[{"count":2,"href":"https:\/\/atsotamm.com\/en\/wp-json\/wp\/v2\/product\/1625\/revisions"}],"predecessor-version":[{"id":1628,"href":"https:\/\/atsotamm.com\/en\/wp-json\/wp\/v2\/product\/1625\/revisions\/1628"}],"wp:featuredmedia":[{"embeddable":true,"href":"https:\/\/atsotamm.com\/en\/wp-json\/wp\/v2\/media\/665"}],"wp:attachment":[{"href":"https:\/\/atsotamm.com\/en\/wp-json\/wp\/v2\/media?parent=1625"}],"wp:term":[{"taxonomy":"product_brand","embeddable":true,"href":"https:\/\/atsotamm.com\/en\/wp-json\/wp\/v2\/product_brand?post=1625"},{"taxonomy":"product_cat","embeddable":true,"href":"https:\/\/atsotamm.com\/en\/wp-json\/wp\/v2\/product_cat?post=1625"},{"taxonomy":"product_tag","embeddable":true,"href":"https:\/\/atsotamm.com\/en\/wp-json\/wp\/v2\/product_tag?post=1625"}],"curies":[{"name":"wp","href":"https:\/\/api.w.org\/{rel}","templated":true}]}}