{"id":1610,"date":"2025-04-21T10:47:56","date_gmt":"2025-04-21T10:47:56","guid":{"rendered":"https:\/\/atsotamm.com\/?post_type=product&#038;p=1610"},"modified":"2025-10-09T23:35:45","modified_gmt":"2025-10-09T23:35:45","slug":"moistest-20","status":"publish","type":"product","link":"https:\/\/atsotamm.com\/en\/product\/moistest-20\/","title":{"rendered":"MoisTest 20"},"content":{"rendered":"<p class=\"translation-block\"><strong>MoisTest 20 tagab<\/strong> t\u00e4pse niiskuse m\u00f5\u00f5tmise \u00fchtlastel puitpindadel, \u00fchendades kasutusmugavuse ja t\u00f6\u00f6kindluse.<br>\r\nSelle m\u00f5\u00f5tes\u00fcgavust saab muuta, kattes nii puidus\u00fcdamiku (15\u201325 mm) kui ka pinna (8\u201315 mm), muudab selle eriti mitmek\u00fclgseks erinevateks professionaalseteks rakendusteks.<br>\r\nM\u00f5\u00f5tmine p\u00f5hineb objekti dielektrilisel konstandil.<br>\r\nSee on igale materjalile omane parameeter, mis varieerub olenevalt veemolekulide olemasolust ilma objekti pinda kahjustamata v\u00f5i selle omadusi muutmata.<br>\r\n<strong>MoisTest 20<\/strong> on m\u00f5eldud m\u00f5\u00f5tmiseks tasastel ja tavalistel pindadel.<\/p>","protected":false},"excerpt":{"rendered":"<p class=\"translation-block\">Puidu niiskuse vahemik: &nbsp; 2-99,9%<br>\r\nM\u00f5\u00f5tmiss\u00fcgavus: &nbsp; 8-15 mm (pind) ja 15 \u2013 25 mm (s\u00fcgavus)<br>\r\nMinimaalne suurus: &nbsp; 119x65x27mm<br>\r\nPuidur\u00fchmad: &nbsp; 12 (150-1250 kg\/m3)<br>\r\nSisaldab &nbsp; 400+ puuliiki<br>\r\nTemperatuurivahemik:&nbsp; -10\/+50\u00b0C (ekraani t\u00e4psus 0,1\u00b0C)<br>\r\n-40\/+125\u00b0C (pilt 0,1\u00b0C)<br>\r\nNiiskuse m\u00f5\u00f5tmisvahemik RH: &nbsp; 0\u201399,9% (resolutsioon 0,1 \u00b0C) EMC: 0\u201330%<br>\r\nSalvestamine ootefunktsiooni jaoks: 99 salvestust, allalaaditav arvutisse (.csv-fail<br>\r\nProgrammeeritavad alarmid: min\/maks. Niiskuse v\u00e4\u00e4rtused<br>\r\nAutomaatne v\u00e4ljal\u00fclitus: valikuline &nbsp; 1-10 min<br>\r\nT\u00f6\u00f6temperatuur:&nbsp; -10\/+50\u00b0C ja t\u00f6\u00f6 niiskus:&nbsp; &lt;90% \u2013 ei kondenseeru<br>\r\naku: 3 x AAA \u2013&nbsp;Tarbimine ONE:&nbsp; 70 mW \u2013 Ootere\u017eiim: 3,6 uW \u2013&nbsp;IP kaitse: &nbsp; IP40<br>\r\nM\u00f5\u00f5dud: &nbsp; 150x70x31mm ja kaal: &nbsp; 150 gr<br>\r\n<strong>Lisatarvikud: &nbsp; RH\/EMC\/T andur<\/strong><\/p>","protected":false},"featured_media":1611,"comment_status":"open","ping_status":"closed","template":"","meta":[],"product_brand":[],"product_cat":[17],"product_tag":[],"class_list":{"0":"post-1610","1":"product","2":"type-product","3":"status-publish","4":"has-post-thumbnail","6":"product_cat-puu-ja-energia-niiskusmooturid-niiskus-ja-temperatuur","8":"first","9":"instock","10":"taxable","11":"shipping-taxable","12":"purchasable","13":"product-type-simple"},"jetpack-related-posts":[],"jetpack_sharing_enabled":true,"_links":{"self":[{"href":"https:\/\/atsotamm.com\/en\/wp-json\/wp\/v2\/product\/1610","targetHints":{"allow":["GET"]}}],"collection":[{"href":"https:\/\/atsotamm.com\/en\/wp-json\/wp\/v2\/product"}],"about":[{"href":"https:\/\/atsotamm.com\/en\/wp-json\/wp\/v2\/types\/product"}],"replies":[{"embeddable":true,"href":"https:\/\/atsotamm.com\/en\/wp-json\/wp\/v2\/comments?post=1610"}],"version-history":[{"count":1,"href":"https:\/\/atsotamm.com\/en\/wp-json\/wp\/v2\/product\/1610\/revisions"}],"predecessor-version":[{"id":1612,"href":"https:\/\/atsotamm.com\/en\/wp-json\/wp\/v2\/product\/1610\/revisions\/1612"}],"wp:featuredmedia":[{"embeddable":true,"href":"https:\/\/atsotamm.com\/en\/wp-json\/wp\/v2\/media\/1611"}],"wp:attachment":[{"href":"https:\/\/atsotamm.com\/en\/wp-json\/wp\/v2\/media?parent=1610"}],"wp:term":[{"taxonomy":"product_brand","embeddable":true,"href":"https:\/\/atsotamm.com\/en\/wp-json\/wp\/v2\/product_brand?post=1610"},{"taxonomy":"product_cat","embeddable":true,"href":"https:\/\/atsotamm.com\/en\/wp-json\/wp\/v2\/product_cat?post=1610"},{"taxonomy":"product_tag","embeddable":true,"href":"https:\/\/atsotamm.com\/en\/wp-json\/wp\/v2\/product_tag?post=1610"}],"curies":[{"name":"wp","href":"https:\/\/api.w.org\/{rel}","templated":true}]}}