{"id":1466,"date":"2025-02-06T06:26:02","date_gmt":"2025-02-06T06:26:02","guid":{"rendered":"https:\/\/atsotamm.com\/?post_type=product&#038;p=1466"},"modified":"2025-02-13T10:34:42","modified_gmt":"2025-02-13T10:34:42","slug":"logca-atso-ram-liughaameri-asendusots","status":"publish","type":"product","link":"https:\/\/atsotamm.com\/en\/product\/logca-atso-ram-liughaameri-asendusots\/","title":{"rendered":"Logca Atso Ram liughaameri asendusots"},"content":{"rendered":"<div class=\"col-xs-12 col-sm-9\">\n<div class=\"row\">\n<div class=\"col-xs-12\">\n<p>See osa peab olema valmistatud v\u00e4ga isoleerivast plastikust ja on seet\u00f5ttu tundlikum kui muud tarviku osad. V\u00e4ga pika kasutusea saab tagada, kui vahetuspea kinnitusmutreid mitte \u00fcle pingutada ja eriti k\u00f5vade materjalide m\u00f5\u00f5tmisel v\u00f5i v\u00e4ga s\u00fcgaval m\u00f5\u00f5tmisel teha v\u00e4ikseid juhtauke.<\/p>\n<\/div>\n<\/div>\n<\/div>","protected":false},"excerpt":{"rendered":"<p>plastosa on kahjustatud, tuleb v\u00e4lja vahetada ainult kahjustatud osa.<\/p>","protected":false},"featured_media":1478,"comment_status":"open","ping_status":"closed","template":"","meta":[],"product_brand":[],"product_cat":[19],"product_tag":[],"class_list":{"0":"post-1466","1":"product","2":"type-product","3":"status-publish","4":"has-post-thumbnail","6":"product_cat-ehitus-ja-puu-lisaseadmed","8":"first","9":"instock","10":"taxable","11":"shipping-taxable","12":"purchasable","13":"product-type-simple"},"jetpack-related-posts":[],"jetpack_sharing_enabled":true,"_links":{"self":[{"href":"https:\/\/atsotamm.com\/en\/wp-json\/wp\/v2\/product\/1466","targetHints":{"allow":["GET"]}}],"collection":[{"href":"https:\/\/atsotamm.com\/en\/wp-json\/wp\/v2\/product"}],"about":[{"href":"https:\/\/atsotamm.com\/en\/wp-json\/wp\/v2\/types\/product"}],"replies":[{"embeddable":true,"href":"https:\/\/atsotamm.com\/en\/wp-json\/wp\/v2\/comments?post=1466"}],"version-history":[{"count":1,"href":"https:\/\/atsotamm.com\/en\/wp-json\/wp\/v2\/product\/1466\/revisions"}],"predecessor-version":[{"id":1479,"href":"https:\/\/atsotamm.com\/en\/wp-json\/wp\/v2\/product\/1466\/revisions\/1479"}],"wp:featuredmedia":[{"embeddable":true,"href":"https:\/\/atsotamm.com\/en\/wp-json\/wp\/v2\/media\/1478"}],"wp:attachment":[{"href":"https:\/\/atsotamm.com\/en\/wp-json\/wp\/v2\/media?parent=1466"}],"wp:term":[{"taxonomy":"product_brand","embeddable":true,"href":"https:\/\/atsotamm.com\/en\/wp-json\/wp\/v2\/product_brand?post=1466"},{"taxonomy":"product_cat","embeddable":true,"href":"https:\/\/atsotamm.com\/en\/wp-json\/wp\/v2\/product_cat?post=1466"},{"taxonomy":"product_tag","embeddable":true,"href":"https:\/\/atsotamm.com\/en\/wp-json\/wp\/v2\/product_tag?post=1466"}],"curies":[{"name":"wp","href":"https:\/\/api.w.org\/{rel}","templated":true}]}}